{"id":18324,"date":"2023-01-27T18:05:19","date_gmt":"2023-01-27T10:05:19","guid":{"rendered":"https:\/\/hemlinegreen.htl.whale-castle.com\/de\/product\/nahmaschinennadeln-metallic-80-12\/"},"modified":"2023-01-30T15:52:32","modified_gmt":"2023-01-30T07:52:32","slug":"nahmaschinennadeln-metallic-80-12","status":"publish","type":"product","link":"https:\/\/hemlinegreen.htl.whale-castle.com\/de\/product\/nahmaschinennadeln-metallic-80-12\/","title":{"rendered":"N\u00e4hmaschinennadeln Metallic 80\/12"},"content":{"rendered":"<p>Geeignet f\u00fcr alle modernen N\u00e4hmaschinen. Mit speziellbeschichtetem, gro\u00dfem Nadel\u00f6hr f\u00fcr reibungslosen<br \/>\nFadenfluss von Metallicgarnen bei allen Stichgeschwindeigkeiten. Geeignet f\u00fcr: N\u00e4hmaschinenstickerei mit Metallicgarn. Garnempfehlung: Metallic Stickgarn.<\/p>\n","protected":false},"excerpt":{"rendered":"<p>https:\/\/www.youtube.com\/watch?v=45APlUXWN64<\/p>\n","protected":false},"featured_media":13629,"template":"","meta":{"_mi_skip_tracking":false},"product_cat":[12173],"product_tag":[12172],"_links":{"self":[{"href":"https:\/\/hemlinegreen.htl.whale-castle.com\/de\/wp-json\/wp\/v2\/product\/18324"}],"collection":[{"href":"https:\/\/hemlinegreen.htl.whale-castle.com\/de\/wp-json\/wp\/v2\/product"}],"about":[{"href":"https:\/\/hemlinegreen.htl.whale-castle.com\/de\/wp-json\/wp\/v2\/types\/product"}],"wp:featuredmedia":[{"embeddable":true,"href":"https:\/\/hemlinegreen.htl.whale-castle.com\/de\/wp-json\/wp\/v2\/media\/13629"}],"wp:attachment":[{"href":"https:\/\/hemlinegreen.htl.whale-castle.com\/de\/wp-json\/wp\/v2\/media?parent=18324"}],"wp:term":[{"taxonomy":"product_cat","embeddable":true,"href":"https:\/\/hemlinegreen.htl.whale-castle.com\/de\/wp-json\/wp\/v2\/product_cat?post=18324"},{"taxonomy":"product_tag","embeddable":true,"href":"https:\/\/hemlinegreen.htl.whale-castle.com\/de\/wp-json\/wp\/v2\/product_tag?post=18324"}],"curies":[{"name":"wp","href":"https:\/\/api.w.org\/{rel}","templated":true}]}}