{"id":18323,"date":"2023-01-27T18:05:18","date_gmt":"2023-01-27T10:05:18","guid":{"rendered":"https:\/\/hemlinegreen.htl.whale-castle.com\/de\/product\/nahmaschinennadeln-stick-3-x-75-11-90-14\/"},"modified":"2023-01-30T15:52:32","modified_gmt":"2023-01-30T07:52:32","slug":"nahmaschinennadeln-stick-3-x-75-11-90-14","status":"publish","type":"product","link":"https:\/\/hemlinegreen.htl.whale-castle.com\/de\/product\/nahmaschinennadeln-stick-3-x-75-11-90-14\/","title":{"rendered":"N\u00e4hmaschinennadeln Stick 3 x 75\/11, 90\/14"},"content":{"rendered":"<p>Geeignet f\u00fcr alle modernen N\u00e4hmaschinen. Mit speziell beschichtetem Nadel\u00f6hr<br \/>\nf\u00fcr reibungslosen Fadenfluss selbst bei h\u00f6heren N\u00e4hgeschwindigkeiten. Verhindert Fehlstiche. Geeignet f\u00fcr: N\u00e4hmaschinenstickerei auf Strick- und Webstoffen. Garnempfehlung: Rayon-, Polyester-, Baumwoll- oder Acrylstickgarn.<\/p>\n","protected":false},"excerpt":{"rendered":"<p>https:\/\/www.youtube.com\/watch?v=45APlUXWN64<\/p>\n","protected":false},"featured_media":13627,"template":"","meta":{"_mi_skip_tracking":false},"product_cat":[12171],"product_tag":[12170],"_links":{"self":[{"href":"https:\/\/hemlinegreen.htl.whale-castle.com\/de\/wp-json\/wp\/v2\/product\/18323"}],"collection":[{"href":"https:\/\/hemlinegreen.htl.whale-castle.com\/de\/wp-json\/wp\/v2\/product"}],"about":[{"href":"https:\/\/hemlinegreen.htl.whale-castle.com\/de\/wp-json\/wp\/v2\/types\/product"}],"wp:featuredmedia":[{"embeddable":true,"href":"https:\/\/hemlinegreen.htl.whale-castle.com\/de\/wp-json\/wp\/v2\/media\/13627"}],"wp:attachment":[{"href":"https:\/\/hemlinegreen.htl.whale-castle.com\/de\/wp-json\/wp\/v2\/media?parent=18323"}],"wp:term":[{"taxonomy":"product_cat","embeddable":true,"href":"https:\/\/hemlinegreen.htl.whale-castle.com\/de\/wp-json\/wp\/v2\/product_cat?post=18323"},{"taxonomy":"product_tag","embeddable":true,"href":"https:\/\/hemlinegreen.htl.whale-castle.com\/de\/wp-json\/wp\/v2\/product_tag?post=18323"}],"curies":[{"name":"wp","href":"https:\/\/api.w.org\/{rel}","templated":true}]}}