{"id":18321,"date":"2023-01-27T18:05:18","date_gmt":"2023-01-27T10:05:18","guid":{"rendered":"https:\/\/hemlinegreen.htl.whale-castle.com\/de\/product\/nahmaschinennadeln-sharps-microtex-2-x-60-8-70-10-80-12\/"},"modified":"2023-01-30T15:52:32","modified_gmt":"2023-01-30T07:52:32","slug":"nahmaschinennadeln-sharps-microtex-2-x-60-8-70-10-80-12","status":"publish","type":"product","link":"https:\/\/hemlinegreen.htl.whale-castle.com\/de\/product\/nahmaschinennadeln-sharps-microtex-2-x-60-8-70-10-80-12\/","title":{"rendered":"N\u00e4hmaschinennadeln Sharps \/ Microtex 2 x 60\/8, 70\/10, 80\/12"},"content":{"rendered":"<p>Geeignet f\u00fcr alle modernen N\u00e4hmaschinen. Mit scharfer Nadelspitze f\u00fcr perfekte N\u00e4hte in dicht gewebten Materialien. Geeignet f\u00fcr: dicht gewebte Stoffe wie Kunstleder, Seide, Mikrofaser. Garnempfehlung: feines bis mittleres Baumwollgarn, Polyester-, Seiden- oder Rayongarn.<\/p>\n","protected":false},"excerpt":{"rendered":"<p>https:\/\/www.youtube.com\/watch?v=45APlUXWN64<\/p>\n","protected":false},"featured_media":13623,"template":"","meta":{"_mi_skip_tracking":false},"product_cat":[12167],"product_tag":[12166],"_links":{"self":[{"href":"https:\/\/hemlinegreen.htl.whale-castle.com\/de\/wp-json\/wp\/v2\/product\/18321"}],"collection":[{"href":"https:\/\/hemlinegreen.htl.whale-castle.com\/de\/wp-json\/wp\/v2\/product"}],"about":[{"href":"https:\/\/hemlinegreen.htl.whale-castle.com\/de\/wp-json\/wp\/v2\/types\/product"}],"wp:featuredmedia":[{"embeddable":true,"href":"https:\/\/hemlinegreen.htl.whale-castle.com\/de\/wp-json\/wp\/v2\/media\/13623"}],"wp:attachment":[{"href":"https:\/\/hemlinegreen.htl.whale-castle.com\/de\/wp-json\/wp\/v2\/media?parent=18321"}],"wp:term":[{"taxonomy":"product_cat","embeddable":true,"href":"https:\/\/hemlinegreen.htl.whale-castle.com\/de\/wp-json\/wp\/v2\/product_cat?post=18321"},{"taxonomy":"product_tag","embeddable":true,"href":"https:\/\/hemlinegreen.htl.whale-castle.com\/de\/wp-json\/wp\/v2\/product_tag?post=18321"}],"curies":[{"name":"wp","href":"https:\/\/api.w.org\/{rel}","templated":true}]}}