{"id":18319,"date":"2023-01-27T18:05:17","date_gmt":"2023-01-27T10:05:17","guid":{"rendered":"https:\/\/hemlinegreen.htl.whale-castle.com\/de\/product\/nahmaschinennadeln-leder-3-x-90-14-100-16\/"},"modified":"2023-01-30T15:52:31","modified_gmt":"2023-01-30T07:52:31","slug":"nahmaschinennadeln-leder-3-x-90-14-100-16","status":"publish","type":"product","link":"https:\/\/hemlinegreen.htl.whale-castle.com\/de\/product\/nahmaschinennadeln-leder-3-x-90-14-100-16\/","title":{"rendered":"N\u00e4hmaschinennadeln Leder 3 x 90\/14, 100\/16"},"content":{"rendered":"<p>Geeignet f\u00fcr alle modernen N\u00e4hmaschinen. Ledernadeln mit Schneidespitze. Geeignet f\u00fcr: Echtleder. Garnempfehlung: Nylongarn, Polyestergarn.<\/p>\n","protected":false},"excerpt":{"rendered":"<p>https:\/\/www.youtube.com\/watch?v=45APlUXWN64<\/p>\n","protected":false},"featured_media":13619,"template":"","meta":{"_mi_skip_tracking":false},"product_cat":[12165],"product_tag":[12164],"_links":{"self":[{"href":"https:\/\/hemlinegreen.htl.whale-castle.com\/de\/wp-json\/wp\/v2\/product\/18319"}],"collection":[{"href":"https:\/\/hemlinegreen.htl.whale-castle.com\/de\/wp-json\/wp\/v2\/product"}],"about":[{"href":"https:\/\/hemlinegreen.htl.whale-castle.com\/de\/wp-json\/wp\/v2\/types\/product"}],"wp:featuredmedia":[{"embeddable":true,"href":"https:\/\/hemlinegreen.htl.whale-castle.com\/de\/wp-json\/wp\/v2\/media\/13619"}],"wp:attachment":[{"href":"https:\/\/hemlinegreen.htl.whale-castle.com\/de\/wp-json\/wp\/v2\/media?parent=18319"}],"wp:term":[{"taxonomy":"product_cat","embeddable":true,"href":"https:\/\/hemlinegreen.htl.whale-castle.com\/de\/wp-json\/wp\/v2\/product_cat?post=18319"},{"taxonomy":"product_tag","embeddable":true,"href":"https:\/\/hemlinegreen.htl.whale-castle.com\/de\/wp-json\/wp\/v2\/product_tag?post=18319"}],"curies":[{"name":"wp","href":"https:\/\/api.w.org\/{rel}","templated":true}]}}