{"id":18318,"date":"2023-01-27T18:05:16","date_gmt":"2023-01-27T10:05:16","guid":{"rendered":"https:\/\/hemlinegreen.htl.whale-castle.com\/de\/product\/nahmaschinennadeln-jeans-denim-3-x-90-14-100-16\/"},"modified":"2023-01-30T15:52:31","modified_gmt":"2023-01-30T07:52:31","slug":"nahmaschinennadeln-jeans-denim-3-x-90-14-100-16","status":"publish","type":"product","link":"https:\/\/hemlinegreen.htl.whale-castle.com\/de\/product\/nahmaschinennadeln-jeans-denim-3-x-90-14-100-16\/","title":{"rendered":"N\u00e4hmaschinennadeln Jeans \/ Denim 3 x 90\/14, 100\/16"},"content":{"rendered":"<p>Geeignet f\u00fcr alle modernen N\u00e4hmaschinen. Nadeln mit besonders scharfer und starker Spitze f\u00fcr dichtgewebte Stoffe. Geeignet f\u00fcr: Jeans, Canvas, Twill. Garnempfehlung: Polyestergarn, Denimgarn, festes Baumwollgarn.<\/p>\n","protected":false},"excerpt":{"rendered":"<p>https:\/\/www.youtube.com\/watch?v=45APlUXWN64<\/p>\n","protected":false},"featured_media":13617,"template":"","meta":{"_mi_skip_tracking":false},"product_cat":[12163],"product_tag":[12162],"_links":{"self":[{"href":"https:\/\/hemlinegreen.htl.whale-castle.com\/de\/wp-json\/wp\/v2\/product\/18318"}],"collection":[{"href":"https:\/\/hemlinegreen.htl.whale-castle.com\/de\/wp-json\/wp\/v2\/product"}],"about":[{"href":"https:\/\/hemlinegreen.htl.whale-castle.com\/de\/wp-json\/wp\/v2\/types\/product"}],"wp:featuredmedia":[{"embeddable":true,"href":"https:\/\/hemlinegreen.htl.whale-castle.com\/de\/wp-json\/wp\/v2\/media\/13617"}],"wp:attachment":[{"href":"https:\/\/hemlinegreen.htl.whale-castle.com\/de\/wp-json\/wp\/v2\/media?parent=18318"}],"wp:term":[{"taxonomy":"product_cat","embeddable":true,"href":"https:\/\/hemlinegreen.htl.whale-castle.com\/de\/wp-json\/wp\/v2\/product_cat?post=18318"},{"taxonomy":"product_tag","embeddable":true,"href":"https:\/\/hemlinegreen.htl.whale-castle.com\/de\/wp-json\/wp\/v2\/product_tag?post=18318"}],"curies":[{"name":"wp","href":"https:\/\/api.w.org\/{rel}","templated":true}]}}