{"id":18316,"date":"2023-01-27T18:05:15","date_gmt":"2023-01-27T10:05:15","guid":{"rendered":"https:\/\/hemlinegreen.htl.whale-castle.com\/de\/product\/nahmaschinennadeln-stretch-3-x-75-11-90-14\/"},"modified":"2023-01-30T15:52:31","modified_gmt":"2023-01-30T07:52:31","slug":"nahmaschinennadeln-stretch-3-x-75-11-90-14","status":"publish","type":"product","link":"https:\/\/hemlinegreen.htl.whale-castle.com\/de\/product\/nahmaschinennadeln-stretch-3-x-75-11-90-14\/","title":{"rendered":"N\u00e4hmaschinennadeln Stretch 3 x 75\/11, 90\/14"},"content":{"rendered":"<p>Geeignet f\u00fcr alle modernen N\u00e4hmaschinen. Die spezielle Hohlkehle der Stretchnadeln verhindert Fehlstiche. Geeignet f\u00fcr: elastische und hochelatische Stoffe wie z.B. Lycra, Elasthan, Jersey. Garnempfehlung: Polyestergarn.<\/p>\n","protected":false},"excerpt":{"rendered":"<p>https:\/\/www.youtube.com\/watch?v=45APlUXWN64<\/p>\n","protected":false},"featured_media":13613,"template":"","meta":{"_mi_skip_tracking":false},"product_cat":[12161],"product_tag":[12160],"_links":{"self":[{"href":"https:\/\/hemlinegreen.htl.whale-castle.com\/de\/wp-json\/wp\/v2\/product\/18316"}],"collection":[{"href":"https:\/\/hemlinegreen.htl.whale-castle.com\/de\/wp-json\/wp\/v2\/product"}],"about":[{"href":"https:\/\/hemlinegreen.htl.whale-castle.com\/de\/wp-json\/wp\/v2\/types\/product"}],"wp:featuredmedia":[{"embeddable":true,"href":"https:\/\/hemlinegreen.htl.whale-castle.com\/de\/wp-json\/wp\/v2\/media\/13613"}],"wp:attachment":[{"href":"https:\/\/hemlinegreen.htl.whale-castle.com\/de\/wp-json\/wp\/v2\/media?parent=18316"}],"wp:term":[{"taxonomy":"product_cat","embeddable":true,"href":"https:\/\/hemlinegreen.htl.whale-castle.com\/de\/wp-json\/wp\/v2\/product_cat?post=18316"},{"taxonomy":"product_tag","embeddable":true,"href":"https:\/\/hemlinegreen.htl.whale-castle.com\/de\/wp-json\/wp\/v2\/product_tag?post=18316"}],"curies":[{"name":"wp","href":"https:\/\/api.w.org\/{rel}","templated":true}]}}