{"id":18312,"date":"2023-01-27T18:05:14","date_gmt":"2023-01-27T10:05:14","guid":{"rendered":"https:\/\/hemlinegreen.htl.whale-castle.com\/de\/product\/nahmaschinennadeln-ball-point-80-12\/"},"modified":"2023-01-30T15:52:30","modified_gmt":"2023-01-30T07:52:30","slug":"nahmaschinennadeln-ball-point-80-12","status":"publish","type":"product","link":"https:\/\/hemlinegreen.htl.whale-castle.com\/de\/product\/nahmaschinennadeln-ball-point-80-12\/","title":{"rendered":"N\u00e4hmaschinennadeln Ball Point 80\/12"},"content":{"rendered":"<p>Geeignet f\u00fcr alle modernen N\u00e4hmaschinen. Durch die Kugelspitze werden die Fasern schonend auseinander gedr\u00fcckt und so \u00fcberm\u00e4\u00dfiges Perforieren verhindert. Geeignet f\u00fcr: elastische Stoffe wie z.B. Jersey. Garnempfehlung: Polyestergarn oder leichtes<br \/>\nBaumwollgarn.<\/p>\n","protected":false},"excerpt":{"rendered":"<p>https:\/\/www.youtube.com\/watch?v=45APlUXWN64<\/p>\n","protected":false},"featured_media":13605,"template":"","meta":{"_mi_skip_tracking":false},"product_cat":[12159],"product_tag":[12158],"_links":{"self":[{"href":"https:\/\/hemlinegreen.htl.whale-castle.com\/de\/wp-json\/wp\/v2\/product\/18312"}],"collection":[{"href":"https:\/\/hemlinegreen.htl.whale-castle.com\/de\/wp-json\/wp\/v2\/product"}],"about":[{"href":"https:\/\/hemlinegreen.htl.whale-castle.com\/de\/wp-json\/wp\/v2\/types\/product"}],"wp:featuredmedia":[{"embeddable":true,"href":"https:\/\/hemlinegreen.htl.whale-castle.com\/de\/wp-json\/wp\/v2\/media\/13605"}],"wp:attachment":[{"href":"https:\/\/hemlinegreen.htl.whale-castle.com\/de\/wp-json\/wp\/v2\/media?parent=18312"}],"wp:term":[{"taxonomy":"product_cat","embeddable":true,"href":"https:\/\/hemlinegreen.htl.whale-castle.com\/de\/wp-json\/wp\/v2\/product_cat?post=18312"},{"taxonomy":"product_tag","embeddable":true,"href":"https:\/\/hemlinegreen.htl.whale-castle.com\/de\/wp-json\/wp\/v2\/product_tag?post=18312"}],"curies":[{"name":"wp","href":"https:\/\/api.w.org\/{rel}","templated":true}]}}