{"id":31,"date":"2020-12-23T13:20:12","date_gmt":"2020-12-23T13:20:12","guid":{"rendered":"https:\/\/hemlinegreen.htl.whale-castle.com\/de\/?page_id=31"},"modified":"2023-01-23T12:12:23","modified_gmt":"2023-01-23T04:12:23","slug":"privacy-policy-and-disclaimer","status":"publish","type":"page","link":"https:\/\/hemlinegreen.htl.whale-castle.com\/de\/privacy-policy-and-disclaimer\/","title":{"rendered":"Datenschutzerkl\u00e4rung &#038; Haftungsausschluss"},"content":{"rendered":"<p>Hemline Limited verpflichtet sich, Ihre Privatsph\u00e4re zu sch\u00fctzen. Diese Datenschutzrichtlinie erl\u00e4utert unsere Datenverarbeitungspraktiken und Ihre Optionen hinsichtlich der Art und Weise, wie Ihre pers\u00f6nlichen Daten verwendet werden.Sollten Sie Fragen zu Ihren pers\u00f6nlichen Daten oder Fragen zu unserer Verarbeitung haben, wenden Sie sich bitte an <a href=\"mailto:htl@sewgroup.com\">htl@sewgroup.com<\/a><\/p>\n<p>&nbsp;<\/p>\n<h2>Gesammelte Informationen<\/h2>\n<p>Wir sammeln zus\u00e4tzliche Informationen im Zusammenhang mit Ihren Kundenfeedbackinformationen, die Sie uns geben, wenn Sie uns Feedback geben oder Profilformulare ausf\u00fcllen. Wir \u00fcberwachen auch die Verkehrsmuster der Verbraucher und die Nutzung der Website, um den von uns angebotenen Service zu verbessern.<\/p>\n<p>&nbsp;<\/p>\n<h2>Verwendung Ihrer Informationen und Ihrer Pr\u00e4ferenzen<\/h2>\n<p>&#8220;Wir werden Ihre Informationen verwenden, um unseren Service zu personalisieren. Wir werden Ihre Kontaktdaten auch verwenden, um mit Ihnen zu kommunizieren. Es ist m\u00f6glich das wir Ihre Informationen verwenden, um Ihnen Angebote und Neuigkeiten zu unseren neuen Produkten und Dienstleistungen zu senden, von denen wir glauben, dass sie f\u00fcr Sie von Interesse sind. Es ist m\u00f6glich das wir Sie zu diesem Zweck per Post, E-Mail, Telefon oder Fax kontaktieren. Wenn Sie von diesem Dienst entfernt werden m\u00f6chten, senden Sie bitte eine E-Mail an <a href=\"mailto:htl@sewgroup.com\">htl@sewgroup.com<\/a><\/p>\n<p>Bitte beachten Sie, dass es F\u00e4lle geben kann, in denen wir aus administrativen oder betrieblichen Gr\u00fcnden im Zusammenhang mit unserem Service, mit Ihnen in Kontakt treten m\u00fcssen.<\/p>\n<p>&nbsp;<\/p>\n<p>&nbsp;<\/p>\n<h2>Offenlegung Ihrer Informationen<\/h2>\n<p>Wir werden Ihre personenbezogenen Daten niemals an Dritte weitergeben, au\u00dfer an Rechtsnachfolger unseres Unternehmens. Wir k\u00f6nnen Informationen auch insgesamt (damit keine einzelnen Kunden identifiziert werden) f\u00fcr Marketing- und strategische Entwicklungszwecke verwenden und offenlegen. Wir geben Ihre Daten nicht zu Marketingzwecken an Dritte weiter.<\/p>\n<p>&nbsp;<\/p>\n<h2>Cookies<\/h2>\n<p>&#8220;Cookies&#8221; sind kleine Informationen, die von einem Webserver an einen Webbrowser gesendet werden, sodass der Server Informationen vom Browser sammeln kann. Weitere Informationen zur Funktionsweise von Cookies finden Sie unter <a href=\"http:\/\/www.cookiecentral.com\">http:\/\/www.cookiecentral.com<\/a>. Unsere Website verwendet Cookies f\u00fcr eine Reihe von Zwecken, um beispielsweise den Anmeldevorgang f\u00fcr registrierte Benutzer zu vereinfachen, die Sicherheit und Authentizit\u00e4t registrierter Benutzer zu gew\u00e4hrleisten, die Mechanismen f\u00fcr Online-Eink\u00e4ufe bereitzustellen und die Verkehrs\u00fcberwachung zu erm\u00f6glichen.<\/p>\n<p>Nicht registrierte Besucher der Website erhalten m\u00f6glicherweise anonyme Cookies, um ihre Browsing-Muster zu verfolgen und ein demografisches Profil aufzubauen<\/p>\n<p>Sie m\u00fcssen Ihrem Browser zwar nicht erlauben, Cookies zu akzeptieren, um einen Gro\u00dfteil unserer Website zu nutzen oder auf viele unserer Dienste zuzugreifen. Sie m\u00fcssen jedoch Cookies aktiviert haben, wenn Sie in einem unserer Gesch\u00e4fte online einkaufen oder auf reservierte Bereiche zugreifen m\u00f6chten die nur f\u00fcr registrierte Benutzer zug\u00e4nglich sind. In den meisten Browsern k\u00f6nnen Sie die Cookie-Funktion deaktivieren. Wenn Sie wissen m\u00f6chten, wie das geht, schauen Sie bitte in das Hilfemen\u00fc Ihres Browsers. Wie oben beschrieben, werden dadurch die Dienste eingeschr\u00e4nkt, die Sie auf unserer Website nutzen k\u00f6nnen.<\/p>\n<p>&nbsp;<\/p>\n<h2>Zugangsrechte<\/h2>\n<p>Sie haben das Recht, auf die \u00fcber Sie gespeicherten personenbezogenen Daten zuzugreifen. Um eine Kopie der pers\u00f6nlichen Informationen zu erhalten, die hemline.com \u00fcber Sie gespeichert hat, schreiben Sie uns bitte an die Adresse, die auf der Website angegeben ist und Ihre Postdaten enth\u00e4lt.<\/p>\n","protected":false},"excerpt":{"rendered":"<p>Hemline Limited verpflichtet sich, Ihre Privatsph\u00e4re zu sch\u00fctzen. Diese Datenschutzrichtlinie erl\u00e4utert unsere Datenverarbeitungspraktiken und Ihre Optionen hinsichtlich der Art und Weise, wie Ihre pers\u00f6nlichen Daten verwendet werden.Sollten Sie Fragen zu Ihren pers\u00f6nlichen Daten oder Fragen zu unserer Verarbeitung haben, wenden Sie sich bitte an htl@sewgroup.com &nbsp; Gesammelte Informationen Wir sammeln zus\u00e4tzliche Informationen im Zusammenhang mit &hellip; <br \/><a href=\"https:\/\/hemlinegreen.htl.whale-castle.com\/de\/privacy-policy-and-disclaimer\/\" class=\"more-link\">Continue reading <span class=\"screen-reader-text\">Datenschutzerkl\u00e4rung &#038; Haftungsausschluss<\/span><\/a><\/p>\n","protected":false},"author":3,"featured_media":0,"parent":0,"menu_order":16,"comment_status":"closed","ping_status":"closed","template":"","meta":{"_mi_skip_tracking":false},"_links":{"self":[{"href":"https:\/\/hemlinegreen.htl.whale-castle.com\/de\/wp-json\/wp\/v2\/pages\/31"}],"collection":[{"href":"https:\/\/hemlinegreen.htl.whale-castle.com\/de\/wp-json\/wp\/v2\/pages"}],"about":[{"href":"https:\/\/hemlinegreen.htl.whale-castle.com\/de\/wp-json\/wp\/v2\/types\/page"}],"author":[{"embeddable":true,"href":"https:\/\/hemlinegreen.htl.whale-castle.com\/de\/wp-json\/wp\/v2\/users\/3"}],"replies":[{"embeddable":true,"href":"https:\/\/hemlinegreen.htl.whale-castle.com\/de\/wp-json\/wp\/v2\/comments?post=31"}],"version-history":[{"count":10,"href":"https:\/\/hemlinegreen.htl.whale-castle.com\/de\/wp-json\/wp\/v2\/pages\/31\/revisions"}],"predecessor-version":[{"id":15889,"href":"https:\/\/hemlinegreen.htl.whale-castle.com\/de\/wp-json\/wp\/v2\/pages\/31\/revisions\/15889"}],"wp:attachment":[{"href":"https:\/\/hemlinegreen.htl.whale-castle.com\/de\/wp-json\/wp\/v2\/media?parent=31"}],"curies":[{"name":"wp","href":"https:\/\/api.w.org\/{rel}","templated":true}]}}