{"id":23,"date":"2020-12-23T13:19:09","date_gmt":"2020-12-23T13:19:09","guid":{"rendered":"https:\/\/hemlinegreen.htl.whale-castle.com\/de\/?page_id=23"},"modified":"2023-02-10T12:04:22","modified_gmt":"2023-02-10T04:04:22","slug":"sewaid","status":"publish","type":"page","link":"https:\/\/hemlinegreen.htl.whale-castle.com\/de\/sewaid\/","title":{"rendered":"SewAID"},"content":{"rendered":"<p><img decoding=\"async\" loading=\"lazy\" class=\"alignnone wp-image-18900 size-full\" src=\"https:\/\/hemlinegreen.htl.whale-castle.com\/de\/wp-content\/uploads\/sewaid_900x300px_de.png\" alt=\"\" width=\"3751\" height=\"1251\" srcset=\"https:\/\/hemlinegreen.htl.whale-castle.com\/de\/wp-content\/uploads\/sewaid_900x300px_de.png 3751w, https:\/\/hemlinegreen.htl.whale-castle.com\/de\/wp-content\/uploads\/sewaid_900x300px_de-300x100.png 300w, https:\/\/hemlinegreen.htl.whale-castle.com\/de\/wp-content\/uploads\/sewaid_900x300px_de-1000x334.png 1000w, https:\/\/hemlinegreen.htl.whale-castle.com\/de\/wp-content\/uploads\/sewaid_900x300px_de-768x256.png 768w, https:\/\/hemlinegreen.htl.whale-castle.com\/de\/wp-content\/uploads\/sewaid_900x300px_de-1536x512.png 1536w, https:\/\/hemlinegreen.htl.whale-castle.com\/de\/wp-content\/uploads\/sewaid_900x300px_de-2048x683.png 2048w\" sizes=\"(max-width: 3751px) 100vw, 3751px\" \/><\/p>\n<table class=\"no-border\" style=\"width: 100%;\">\n<tbody>\n<tr>\n<td style=\"width: 50%;\" width=\"50%\"><img decoding=\"async\" loading=\"lazy\" class=\"alignnone size-medium wp-image-5011\" src=\"https:\/\/hemlinegreen.htl.whale-castle.com\/de\/wp-content\/uploads\/sewaid_pic1_w300px.png\" alt=\"\" width=\"233\" height=\"300\" \/><\/td>\n<td style=\"width: 49.9627%;\">\n<h2>Was ist <span class=\"important\">SewAid<\/span>?<\/h2>\n<p>SewAid ist ein Programm, das ausgew\u00e4hlten Frauen in sehr armen L\u00e4ndern die M\u00f6glichkeit bietet, nicht nur das N\u00e4hen zu lernen, sondern ihnen auch die Maschinen, Ger\u00e4te und F\u00e4higkeiten zur Verf\u00fcgung zu stellen, die sie ben\u00f6tigen, um ein kleines Heimunternehmen f\u00fcr Schneiderei, Umbau oder Reparatur zu gr\u00fcnden.<\/p>\n<p>Das SewAid-Programm ist in erster Linie ein Unterrichtsprogramm, das sich stark auf freiwillige Lehrer mit N\u00e4h- oder Handwerkskenntnissen st\u00fctzt, die ihre Zeit und ihr Fachwissen spenden.<\/p>\n<p>Das Programm wird von seinem Gr\u00fcnder, Tony Castley, geleitet und von Sewgroup International eng unterst\u00fctzt.<\/p>\n<\/td>\n<\/tr>\n<\/tbody>\n<\/table>\n<h2>Wie funktioniert das SewAid <span class=\"important\">Programm<\/span>?<\/h2>\n<p>In einem typischen SewAid Programm wird eine Gruppe von Studentenbewerbern ausgew\u00e4hlt, in der Regel unter Verwendung der Hilfsmittel einer anerkannten Hilfsorganisation oder eines \u00f6rtlichen Rotary Clubs. Diese Frauen erhalten dann eine N\u00e4hmaschine (normalerweise neu), eine Auswahl geeigneter Stoffe und s\u00e4mtliches N\u00e4hzubeh\u00f6r, das f\u00fcr den Einstieg ben\u00f6tigt wird.<\/p>\n<p>Der N\u00e4hunterrichtskurs beginnt und dauert in der Regel zirka 2 Wochen ungef\u00e4hr 8 bis 10 Tage. Lehrer sind Freiwillige aus verschiedenen L\u00e4ndern, die grundlegende Schneiderk\u00fcnste f\u00fcr das Herstellen von einfachen Kleidungsst\u00fccken, die am besten f\u00fcr den Verkauf in der jeweiligen Region geeignet sind besitzen. Die Lehrer versuchen auch Grundkenntnisse zu \u00fcbermitteln die ben\u00f6tigt werden um ein eigenes Gesch\u00e4ft zu leiten. Dazu geh\u00f6ren der Verkauf ihrer Produkte, das Bankwesen und die Buchhaltung&#8221;.<\/p>\n<table class=\"no-border\">\n<tbody>\n<tr>\n<td width=\"50%\" height=\"\"><img decoding=\"async\" loading=\"lazy\" class=\"alignnone size-medium wp-image-5009\" src=\"https:\/\/hemlinegreen.htl.whale-castle.com\/de\/wp-content\/uploads\/sewaid_pic2_w300px.png\" alt=\"\" width=\"300\" height=\"194\" \/><\/td>\n<td>SewAid ist auf freiwillige Helfer angewiesen, um dieses Programmen erfolgreich weiter zu f\u00fchren. Wenn Sie sich freiwillig als Lehrer melden oder spenden m\u00f6chten, bitte besuchen Sie <a href=\"http:\/\/www.sewaid.com\/\">SewAid.com<\/a> um weitere Informationen zu erhalten.<\/td>\n<\/tr>\n<tr>\n<td><img decoding=\"async\" loading=\"lazy\" class=\"alignnone size-medium wp-image-5008\" src=\"https:\/\/hemlinegreen.htl.whale-castle.com\/de\/wp-content\/uploads\/sewaid_pic3_w300px.png\" alt=\"\" width=\"300\" height=\"186\" \/><\/td>\n<td>SewAid richtet ein Schulungszentrum ein, in denen die Sch\u00fcler ihre F\u00e4higkeiten an ihren brandneuen Janome-N\u00e4hmaschinen lernen und \u00fcben.<\/td>\n<\/tr>\n<\/tbody>\n<\/table>\n<h2>SewAid <span class=\"important\">Erfolgsgeschichten<\/span><\/h2>\n<table class=\"no-border\">\n<tbody>\n<tr>\n<td width=\"50%\" height=\"\"><img decoding=\"async\" loading=\"lazy\" class=\"alignnone size-medium wp-image-5007\" src=\"https:\/\/hemlinegreen.htl.whale-castle.com\/de\/wp-content\/uploads\/sewaid_pic4_w300px.png\" alt=\"\" width=\"300\" height=\"223\" \/><\/td>\n<td>Zu den erfolgreich absolvierten Programmen geh\u00f6ren Vanuatu, die Mongolei, Indonesien, die Philippinen, Kambodscha, Uganda, Madagaskar, die Salomonen und Papua-Neuguinea, diese L\u00e4nder sind ziemlich typisch f\u00fcr die Art von Gemeinschaft, die SewAid unterst\u00fctzt.<\/td>\n<\/tr>\n<\/tbody>\n<\/table>\n<h2>Wie Hemline <span class=\"important\">hilft<\/span>!<\/h2>\n<p>Jedes Jahr unterst\u00fctzt die Firma Hemline die Hilfsorganisation SewAid, indem sie einen Teil ihres Umsatzes steuerlich an SewAid weiterleitet, wodurch SewAid die N\u00e4hmaschinen und die f\u00fcr die Durchf\u00fchrung erfolgreicher Programme erforderlichen Verbrauchsmaterialien kaufen kann. Jedes Jahr spendet Hemline eine betr\u00e4chtliche Mengen an Hilfsmitteln an jedes Programm, um diese mit Kurzwaren und N\u00e4hmaschinenprodukten zu unterst\u00fctzen. Dazu schafft die Marke Hemline Verbraucherbewusstsein, indem sie direkt mit der SewAid Hilfsorganisation auf den Hemline-Karten wirbt.<\/p>\n<table class=\"no-border\">\n<tbody>\n<tr>\n<td width=\"50%\" height=\"\"><img decoding=\"async\" loading=\"lazy\" class=\"alignnone size-medium wp-image-5006\" src=\"https:\/\/hemlinegreen.htl.whale-castle.com\/de\/wp-content\/uploads\/sewaid_pic5_w300px.png\" alt=\"\" width=\"300\" height=\"169\" \/><\/td>\n<td>Auf diesem Bild zusehen, die philippinische Basic Class von 2012 bestehend aus 12 Kursteilnehmern, die ihre gen\u00e4hten Shorts zeigen und ihre taillierten R\u00f6cke und Blusen ansich tragen, die sie alle selber hergestellt haben. Angesichts der Tatsache, dass viele dieser Sch\u00fcler noch nie zuvor gen\u00e4ht hatten und viele von ihnen Analphabeten waren, war dies ein fantastisches Ergebnis. Der gesamte Stoff wurde in Einzelteilen gespendet.<\/td>\n<\/tr>\n<tr>\n<td><img decoding=\"async\" loading=\"lazy\" class=\"alignnone size-medium wp-image-18899\" src=\"https:\/\/hemlinegreen.htl.whale-castle.com\/de\/wp-content\/uploads\/hemlinegreen_sewaid_pic6_w300px-300x300.png\" alt=\"\" width=\"300\" height=\"300\" srcset=\"https:\/\/hemlinegreen.htl.whale-castle.com\/de\/wp-content\/uploads\/hemlinegreen_sewaid_pic6_w300px-300x300.png 300w, https:\/\/hemlinegreen.htl.whale-castle.com\/de\/wp-content\/uploads\/hemlinegreen_sewaid_pic6_w300px-1000x996.png 1000w, https:\/\/hemlinegreen.htl.whale-castle.com\/de\/wp-content\/uploads\/hemlinegreen_sewaid_pic6_w300px-768x765.png 768w, https:\/\/hemlinegreen.htl.whale-castle.com\/de\/wp-content\/uploads\/hemlinegreen_sewaid_pic6_w300px-850x850.png 850w, https:\/\/hemlinegreen.htl.whale-castle.com\/de\/wp-content\/uploads\/hemlinegreen_sewaid_pic6_w300px-410x410.png 410w, https:\/\/hemlinegreen.htl.whale-castle.com\/de\/wp-content\/uploads\/hemlinegreen_sewaid_pic6_w300px.png 1427w\" sizes=\"(max-width: 300px) 100vw, 300px\" \/><\/td>\n<td>Verbraucher und Einzelh\u00e4ndler werden dieses Symbol auf den meisten unserer Hemline-Karten bereits bemerkt haben, dieses ist nun Teil des neuen Hemline-Designs und der globalen Vision der Marke.<\/td>\n<\/tr>\n<\/tbody>\n<\/table>\n","protected":false},"excerpt":{"rendered":"<p>Was ist SewAid? SewAid ist ein Programm, das ausgew\u00e4hlten Frauen in sehr armen L\u00e4ndern die M\u00f6glichkeit bietet, nicht nur das N\u00e4hen zu lernen, sondern ihnen auch die Maschinen, Ger\u00e4te und F\u00e4higkeiten zur Verf\u00fcgung zu stellen, die sie ben\u00f6tigen, um ein kleines Heimunternehmen f\u00fcr Schneiderei, Umbau oder Reparatur zu gr\u00fcnden. Das SewAid-Programm ist in erster Linie &hellip; <br \/><a href=\"https:\/\/hemlinegreen.htl.whale-castle.com\/de\/sewaid\/\" class=\"more-link\">Continue reading <span class=\"screen-reader-text\">SewAID<\/span><\/a><\/p>\n","protected":false},"author":3,"featured_media":0,"parent":0,"menu_order":12,"comment_status":"closed","ping_status":"closed","template":"","meta":{"_mi_skip_tracking":false},"_links":{"self":[{"href":"https:\/\/hemlinegreen.htl.whale-castle.com\/de\/wp-json\/wp\/v2\/pages\/23"}],"collection":[{"href":"https:\/\/hemlinegreen.htl.whale-castle.com\/de\/wp-json\/wp\/v2\/pages"}],"about":[{"href":"https:\/\/hemlinegreen.htl.whale-castle.com\/de\/wp-json\/wp\/v2\/types\/page"}],"author":[{"embeddable":true,"href":"https:\/\/hemlinegreen.htl.whale-castle.com\/de\/wp-json\/wp\/v2\/users\/3"}],"replies":[{"embeddable":true,"href":"https:\/\/hemlinegreen.htl.whale-castle.com\/de\/wp-json\/wp\/v2\/comments?post=23"}],"version-history":[{"count":24,"href":"https:\/\/hemlinegreen.htl.whale-castle.com\/de\/wp-json\/wp\/v2\/pages\/23\/revisions"}],"predecessor-version":[{"id":18906,"href":"https:\/\/hemlinegreen.htl.whale-castle.com\/de\/wp-json\/wp\/v2\/pages\/23\/revisions\/18906"}],"wp:attachment":[{"href":"https:\/\/hemlinegreen.htl.whale-castle.com\/de\/wp-json\/wp\/v2\/media?parent=23"}],"curies":[{"name":"wp","href":"https:\/\/api.w.org\/{rel}","templated":true}]}}