{"id":19,"date":"2020-12-23T13:18:34","date_gmt":"2020-12-23T13:18:34","guid":{"rendered":"https:\/\/hemlinegreen.htl.whale-castle.com\/de\/?page_id=19"},"modified":"2023-01-23T11:30:38","modified_gmt":"2023-01-23T03:30:38","slug":"about","status":"publish","type":"page","link":"https:\/\/hemlinegreen.htl.whale-castle.com\/de\/about\/","title":{"rendered":"Impressum"},"content":{"rendered":"<h2><img decoding=\"async\" loading=\"lazy\" class=\"aligncenter wp-image-11862 size-full\" src=\"https:\/\/hemlinegreen.htl.whale-castle.com\/de\/wp-content\/uploads\/abt_us_900x300px.jpg\" alt=\"\" width=\"900\" height=\"300\" srcset=\"https:\/\/hemlinegreen.htl.whale-castle.com\/de\/wp-content\/uploads\/abt_us_900x300px.jpg 900w, https:\/\/hemlinegreen.htl.whale-castle.com\/de\/wp-content\/uploads\/abt_us_900x300px-300x100.jpg 300w, https:\/\/hemlinegreen.htl.whale-castle.com\/de\/wp-content\/uploads\/abt_us_900x300px-768x256.jpg 768w\" sizes=\"(max-width: 900px) 100vw, 900px\" \/><\/h2>\n<h2>Als die Familie Castley 1987 in Sydney, Australien, in ihrem N\u00e4hgro\u00dfhandelsgesch\u00e4ft arbeitete, hatte sie eine gro\u00dfartige Idee und beschloss, eine eigene Marke f\u00fcr Kurzwaren und N\u00e4hvorstellungen zu entwickeln. Sie gaben der Marke den eing\u00e4ngigen Namen Hemline und brachten das erste Sortiment mit 80 BELIEBTEN N\u00c4HZUBEH\u00d6RTEILEN UND KURZWAREN auf den australischen Markt.<\/h2>\n<p>Dieses erste, noch relativ \u00fcberschaubare Sortiment wurde sehr schnell beliebt, da es Produkte von h\u00f6chster Qualit\u00e4t enthielt und die auff\u00e4llige neue Verpackung alle Blicke auf sich zog. Die jetzt ber\u00fcchtigte rosa HEMLINE-Hintergrundkarte eroberte aufgrund ihres attraktiven \u00c4u\u00dferen schnell die Herzen der Verbraucher und lieferte zus\u00e4tzlich n\u00fctzliche Informationen.<\/p>\n<p>Bald erregte der Erfolg der Marke Hemline in Australien die Aufmerksamkeit von Unternehmen in anderen L\u00e4ndern, und so beschloss die Familie Castley 1993, unter der Leitung von Simon Castley eine Lieferbasis in Hongkong einzurichten, um Hemline in die ganze Welt zu schicken. Das Werk in Hongkong besch\u00e4ftigt mittlerweile \u00fcber 100 Mitarbeiter und wurde mehrmals ausgebaut! Dar\u00fcber hinaus ist es Simons Erfahrung, die das Unternehmen bis heute leitet.<\/p>\n<p>Seitdem ist die Marke Hemline immer st\u00e4rker geworden, mit stetigem Wachstum und gro\u00dfem internationalen Erfolg. Ein gro\u00dfer Teil dieses Wachstums war die Er\u00f6ffnung einer riesigen Verpackungsfabrik mit 300 Mitarbeitern in S\u00fcdchina.<\/p>\n<p>Die noch zuvor kleine Produktauswahl von 80 Produkten hat sich zu einer der gr\u00f6\u00dften der Welt entwickelt, die Marke Hemline f\u00fchrt heutzutage mehr als 1.000 N\u00e4h- und Bastelartikel.<\/p>\n<p>Heutzutage ist die Marke weltweit verbreitet, und nationale Distributoren beliefern die Firma Hemline mit exclusiven Produkten.<\/p>\n<p>Nach nur 25 Jahren hat sich die Marke Hemline zu einem der besten und bekanntesten Namen der heutigen Kurzwarenwelt entwickelt. Der Name Hemline steht f\u00fcr Qualit\u00e4t.<\/p>\n<table class=\"no-border\" style=\"width: 431px;\" border=\"0\" width=\"431\">\n<tbody>\n<tr style=\"height: 394px;\">\n<td style=\"height: 394px;\">\n<ul>\n<li>\u00d6sterreich<\/li>\n<li>Australien<\/li>\n<li>Belgien<\/li>\n<li>Zypern<\/li>\n<li>Vereinigte Arabische Emirate<\/li>\n<li>Finnland<\/li>\n<li>Frankreich*<\/li>\n<li>Griechenland<\/li>\n<li>Holland<\/li>\n<li>Hongkong<\/li>\n<li>Island<\/li>\n<li>Indonesien<\/li>\n<\/ul>\n<\/td>\n<td style=\"height: 394px;\">\n<ul>\n<li>Irland<\/li>\n<li>Israel<\/li>\n<li>Kasachstan<\/li>\n<li>Korea<\/li>\n<li>Neuseeland<\/li>\n<li>Russland<\/li>\n<li>Spanien<\/li>\n<li>Schweden<\/li>\n<li>Thailand<\/li>\n<li>Ukraine<\/li>\n<li>Vereinigtes K\u00f6nigreich<\/li>\n<li>USA<\/li>\n<\/ul>\n<\/td>\n<\/tr>\n<\/tbody>\n<\/table>\n<p>* Bitte beachten Sie, dass das Hemline-Sortiment in Frankreich unter der Marke \u201eCouture Loisirs\u201c und in Neuseeland als \u201eTrendy Trims\u201c verkauft wird.<\/p>\n<p>&nbsp;<\/p>\n<p><img decoding=\"async\" loading=\"lazy\" class=\"alignleft wp-image-139 size-full\" src=\"https:\/\/hemline.htl.whale-castle.com\/en\/wp-content\/uploads\/QualityChecked.png\" alt=\"\" width=\"87\" height=\"79\" \/><\/p>\n<p>HEMLINE-Produkte werden in unserer eigenen Fabrik mit unserem exklusiven F\u00dcNF STERNE-Qualit\u00e4tskontrollsystem zusammengestellt und verpackt. Heute ist Hemline in 30.000 Gesch\u00e4ften auf der ganzen Welt erh\u00e4ltlich.<\/p>\n","protected":false},"excerpt":{"rendered":"<p>Als die Familie Castley 1987 in Sydney, Australien, in ihrem N\u00e4hgro\u00dfhandelsgesch\u00e4ft arbeitete, hatte sie eine gro\u00dfartige Idee und beschloss, eine eigene Marke f\u00fcr Kurzwaren und N\u00e4hvorstellungen zu entwickeln. Sie gaben der Marke den eing\u00e4ngigen Namen Hemline und brachten das erste Sortiment mit 80 BELIEBTEN N\u00c4HZUBEH\u00d6RTEILEN UND KURZWAREN auf den australischen Markt. Dieses erste, noch relativ &hellip; <br \/><a href=\"https:\/\/hemlinegreen.htl.whale-castle.com\/de\/about\/\" class=\"more-link\">Continue reading <span class=\"screen-reader-text\">Impressum<\/span><\/a><\/p>\n","protected":false},"author":3,"featured_media":0,"parent":0,"menu_order":10,"comment_status":"closed","ping_status":"closed","template":"","meta":{"_mi_skip_tracking":false},"_links":{"self":[{"href":"https:\/\/hemlinegreen.htl.whale-castle.com\/de\/wp-json\/wp\/v2\/pages\/19"}],"collection":[{"href":"https:\/\/hemlinegreen.htl.whale-castle.com\/de\/wp-json\/wp\/v2\/pages"}],"about":[{"href":"https:\/\/hemlinegreen.htl.whale-castle.com\/de\/wp-json\/wp\/v2\/types\/page"}],"author":[{"embeddable":true,"href":"https:\/\/hemlinegreen.htl.whale-castle.com\/de\/wp-json\/wp\/v2\/users\/3"}],"replies":[{"embeddable":true,"href":"https:\/\/hemlinegreen.htl.whale-castle.com\/de\/wp-json\/wp\/v2\/comments?post=19"}],"version-history":[{"count":27,"href":"https:\/\/hemlinegreen.htl.whale-castle.com\/de\/wp-json\/wp\/v2\/pages\/19\/revisions"}],"predecessor-version":[{"id":15877,"href":"https:\/\/hemlinegreen.htl.whale-castle.com\/de\/wp-json\/wp\/v2\/pages\/19\/revisions\/15877"}],"wp:attachment":[{"href":"https:\/\/hemlinegreen.htl.whale-castle.com\/de\/wp-json\/wp\/v2\/media?parent=19"}],"curies":[{"name":"wp","href":"https:\/\/api.w.org\/{rel}","templated":true}]}}